{"id":1412,"date":"2024-11-15T21:19:14","date_gmt":"2024-11-16T00:19:14","guid":{"rendered":"https:\/\/bymarkgm.com.br\/?page_id=1412"},"modified":"2025-05-27T08:45:23","modified_gmt":"2025-05-27T11:45:23","slug":"portfolio","status":"publish","type":"page","link":"https:\/\/bymarkgm.com.br\/index.php\/portfolio\/","title":{"rendered":"PORTF\u00d3LIO"},"content":{"rendered":"\t\t<div data-elementor-type=\"wp-page\" data-elementor-id=\"1412\" class=\"elementor elementor-1412\">\n\t\t\t\t\t\t<section class=\"elementor-section elementor-top-section elementor-element elementor-element-74bacb74 elementor-section-height-min-height elementor-section-full_width elementor-section-items-stretch elementor-section-content-middle elementor-reverse-tablet elementor-reverse-mobile elementor-section-height-default elementor-invisible\" data-id=\"74bacb74\" data-element_type=\"section\" data-settings=\"{&quot;background_background&quot;:&quot;classic&quot;,&quot;animation&quot;:&quot;fadeIn&quot;}\">\n\t\t\t\t\t\t\t<div class=\"elementor-background-overlay\"><\/div>\n\t\t\t\t\t\t\t<div class=\"elementor-container elementor-column-gap-no\">\n\t\t\t\t\t<div class=\"elementor-column elementor-col-100 elementor-top-column elementor-element elementor-element-7e484620\" data-id=\"7e484620\" data-element_type=\"column\">\n\t\t\t<div class=\"elementor-widget-wrap elementor-element-populated\">\n\t\t\t\t\t\t<section class=\"elementor-section elementor-inner-section elementor-element elementor-element-7f84380d elementor-section-boxed elementor-section-height-default elementor-section-height-default\" data-id=\"7f84380d\" data-element_type=\"section\">\n\t\t\t\t\t\t<div class=\"elementor-container elementor-column-gap-default\">\n\t\t\t\t\t<div class=\"elementor-column elementor-col-100 elementor-inner-column elementor-element elementor-element-363557a7\" data-id=\"363557a7\" data-element_type=\"column\">\n\t\t\t<div class=\"elementor-widget-wrap elementor-element-populated\">\n\t\t\t\t\t\t<div class=\"elementor-element elementor-element-6c780873 elementor-invisible elementor-widget elementor-widget-heading\" data-id=\"6c780873\" data-element_type=\"widget\" data-settings=\"{&quot;_animation&quot;:&quot;fadeInUp&quot;}\" data-widget_type=\"heading.default\">\n\t\t\t\t<div class=\"elementor-widget-container\">\n\t\t\t\t\t<h2 class=\"elementor-heading-title elementor-size-default\">Portfolio<\/h2>\t\t\t\t<\/div>\n\t\t\t\t<\/div>\n\t\t\t\t<div class=\"elementor-element elementor-element-36b992bd elementor-invisible elementor-widget elementor-widget-text-editor\" data-id=\"36b992bd\" data-element_type=\"widget\" data-settings=\"{&quot;_animation&quot;:&quot;fadeIn&quot;}\" data-widget_type=\"text-editor.default\">\n\t\t\t\t<div class=\"elementor-widget-container\">\n\t\t\t\t\t\t\t\t\t<h5 class=\"wp-block-heading\">Conhe\u00e7a um pouco mais sobre minhas fotografias conceituais e das viagens realizadas<\/h5>\t\t\t\t\t\t\t\t<\/div>\n\t\t\t\t<\/div>\n\t\t\t\t<div class=\"elementor-element elementor-element-63871404 elementor-widget-tablet__width-initial elementor-widget-mobile__width-initial elementor-invisible elementor-widget elementor-widget-spacer\" data-id=\"63871404\" data-element_type=\"widget\" data-settings=\"{&quot;_animation&quot;:&quot;fadeInDown&quot;}\" data-widget_type=\"spacer.default\">\n\t\t\t\t<div class=\"elementor-widget-container\">\n\t\t\t\t\t\t\t<div class=\"elementor-spacer\">\n\t\t\t<div class=\"elementor-spacer-inner\"><\/div>\n\t\t<\/div>\n\t\t\t\t\t\t<\/div>\n\t\t\t\t<\/div>\n\t\t\t\t<div class=\"elementor-element elementor-element-30654875 elementor-widget elementor-widget-spacer\" data-id=\"30654875\" data-element_type=\"widget\" data-widget_type=\"spacer.default\">\n\t\t\t\t<div class=\"elementor-widget-container\">\n\t\t\t\t\t\t\t<div class=\"elementor-spacer\">\n\t\t\t<div class=\"elementor-spacer-inner\"><\/div>\n\t\t<\/div>\n\t\t\t\t\t\t<\/div>\n\t\t\t\t<\/div>\n\t\t\t\t\t<\/div>\n\t\t<\/div>\n\t\t\t\t\t<\/div>\n\t\t<\/section>\n\t\t\t\t<section class=\"elementor-section elementor-top-section elementor-element elementor-element-7bed83b7 elementor-section-content-middle elementor-section-full_width elementor-section-height-default elementor-section-height-default\" data-id=\"7bed83b7\" data-element_type=\"section\">\n\t\t\t\t\t\t<div class=\"elementor-container elementor-column-gap-default\">\n\t\t\t\t\t<div class=\"elementor-column elementor-col-100 elementor-top-column elementor-element elementor-element-373633df\" data-id=\"373633df\" data-element_type=\"column\">\n\t\t\t<div class=\"elementor-widget-wrap elementor-element-populated\">\n\t\t\t\t\t\t<div class=\"elementor-element elementor-element-35bdd0d9 elementor-position-left elementor-vertical-align-middle elementor-widget elementor-widget-image-box\" data-id=\"35bdd0d9\" data-element_type=\"widget\" data-widget_type=\"image-box.default\">\n\t\t\t\t<div class=\"elementor-widget-container\">\n\t\t\t\t\t<div class=\"elementor-image-box-wrapper\"><figure class=\"elementor-image-box-img\"><img fetchpriority=\"high\" decoding=\"async\" width=\"1138\" height=\"972\" src=\"https:\/\/bymarkgm.com.br\/wp-content\/uploads\/2024\/11\/IMG_2651-scaled-e1731279751415.jpg\" class=\"elementor-animation-grow attachment-full size-full wp-image-1343\" alt=\"\" srcset=\"https:\/\/bymarkgm.com.br\/wp-content\/uploads\/2024\/11\/IMG_2651-scaled-e1731279751415.jpg 1138w, https:\/\/bymarkgm.com.br\/wp-content\/uploads\/2024\/11\/IMG_2651-scaled-e1731279751415-300x256.jpg 300w, https:\/\/bymarkgm.com.br\/wp-content\/uploads\/2024\/11\/IMG_2651-scaled-e1731279751415-1024x875.jpg 1024w, https:\/\/bymarkgm.com.br\/wp-content\/uploads\/2024\/11\/IMG_2651-scaled-e1731279751415-768x656.jpg 768w, https:\/\/bymarkgm.com.br\/wp-content\/uploads\/2024\/11\/IMG_2651-scaled-e1731279751415-600x512.jpg 600w\" sizes=\"(max-width: 1138px) 100vw, 1138px\" \/><\/figure><div class=\"elementor-image-box-content\"><h4 class=\"elementor-image-box-title\">VIAGENS<\/h4><p class=\"elementor-image-box-description\">Registros marcantes de cidades por onde passei<\/p><\/div><\/div>\t\t\t\t<\/div>\n\t\t\t\t<\/div>\n\t\t\t\t\t<\/div>\n\t\t<\/div>\n\t\t\t\t\t<\/div>\n\t\t<\/section>\n\t\t\t\t\t<\/div>\n\t\t<\/div>\n\t\t\t\t\t<\/div>\n\t\t<\/section>\n\t\t<div class=\"elementor-element elementor-element-2257cf3 e-flex e-con-boxed e-con e-parent\" data-id=\"2257cf3\" data-element_type=\"container\" data-settings=\"{&quot;background_background&quot;:&quot;gradient&quot;,&quot;shape_divider_top&quot;:&quot;tilt&quot;,&quot;shape_divider_bottom&quot;:&quot;tilt&quot;}\">\n\t\t\t\t\t<div class=\"e-con-inner\">\n\t\t\t\t<div class=\"elementor-shape elementor-shape-top\" aria-hidden=\"true\" data-negative=\"false\">\n\t\t\t<svg xmlns=\"http:\/\/www.w3.org\/2000\/svg\" viewBox=\"0 0 1000 100\" preserveAspectRatio=\"none\">\n\t<path class=\"elementor-shape-fill\" d=\"M0,6V0h1000v100L0,6z\"\/>\n<\/svg>\t\t<\/div>\n\t\t\t\t<div class=\"elementor-shape elementor-shape-bottom\" aria-hidden=\"true\" data-negative=\"false\">\n\t\t\t<svg xmlns=\"http:\/\/www.w3.org\/2000\/svg\" viewBox=\"0 0 1000 100\" preserveAspectRatio=\"none\">\n\t<path class=\"elementor-shape-fill\" d=\"M0,6V0h1000v100L0,6z\"\/>\n<\/svg>\t\t<\/div>\n\t\t<div class=\"elementor-element elementor-element-0f59465 e-grid e-con-full e-con e-child\" data-id=\"0f59465\" data-element_type=\"container\">\n\t\t\t\t<div class=\"elementor-element elementor-element-b23a573 elementor-widget elementor-widget-image\" data-id=\"b23a573\" data-element_type=\"widget\" data-widget_type=\"image.default\">\n\t\t\t\t<div class=\"elementor-widget-container\">\n\t\t\t\t\t\t\t\t\t\t\t\t\t\t\t<img decoding=\"async\" width=\"600\" height=\"1067\" src=\"https:\/\/bymarkgm.com.br\/wp-content\/uploads\/2024\/11\/Conceitual-Florido.zip-3-600x1067.png\" class=\"attachment-woocommerce_single size-woocommerce_single wp-image-1450\" alt=\"\" srcset=\"https:\/\/bymarkgm.com.br\/wp-content\/uploads\/2024\/11\/Conceitual-Florido.zip-3-600x1067.png 600w, https:\/\/bymarkgm.com.br\/wp-content\/uploads\/2024\/11\/Conceitual-Florido.zip-3-169x300.png 169w, https:\/\/bymarkgm.com.br\/wp-content\/uploads\/2024\/11\/Conceitual-Florido.zip-3-576x1024.png 576w, https:\/\/bymarkgm.com.br\/wp-content\/uploads\/2024\/11\/Conceitual-Florido.zip-3-768x1365.png 768w, https:\/\/bymarkgm.com.br\/wp-content\/uploads\/2024\/11\/Conceitual-Florido.zip-3-864x1536.png 864w, https:\/\/bymarkgm.com.br\/wp-content\/uploads\/2024\/11\/Conceitual-Florido.zip-3.png 1080w\" sizes=\"(max-width: 600px) 100vw, 600px\" \/>\t\t\t\t\t\t\t\t\t\t\t\t\t\t\t<\/div>\n\t\t\t\t<\/div>\n\t\t\t\t<div class=\"elementor-element elementor-element-c11249a elementor-widget elementor-widget-image\" data-id=\"c11249a\" data-element_type=\"widget\" data-widget_type=\"image.default\">\n\t\t\t\t<div class=\"elementor-widget-container\">\n\t\t\t\t\t\t\t\t\t\t\t\t\t\t\t<img decoding=\"async\" width=\"600\" height=\"1067\" src=\"https:\/\/bymarkgm.com.br\/wp-content\/uploads\/2024\/11\/Conceitual-Florido.zip-1-600x1067.png\" class=\"attachment-woocommerce_single size-woocommerce_single wp-image-1448\" alt=\"\" srcset=\"https:\/\/bymarkgm.com.br\/wp-content\/uploads\/2024\/11\/Conceitual-Florido.zip-1-600x1067.png 600w, https:\/\/bymarkgm.com.br\/wp-content\/uploads\/2024\/11\/Conceitual-Florido.zip-1-169x300.png 169w, https:\/\/bymarkgm.com.br\/wp-content\/uploads\/2024\/11\/Conceitual-Florido.zip-1-576x1024.png 576w, https:\/\/bymarkgm.com.br\/wp-content\/uploads\/2024\/11\/Conceitual-Florido.zip-1-768x1365.png 768w, https:\/\/bymarkgm.com.br\/wp-content\/uploads\/2024\/11\/Conceitual-Florido.zip-1-864x1536.png 864w, https:\/\/bymarkgm.com.br\/wp-content\/uploads\/2024\/11\/Conceitual-Florido.zip-1.png 1080w\" sizes=\"(max-width: 600px) 100vw, 600px\" \/>\t\t\t\t\t\t\t\t\t\t\t\t\t\t\t<\/div>\n\t\t\t\t<\/div>\n\t\t\t\t<div class=\"elementor-element elementor-element-163783b elementor-widget elementor-widget-image\" data-id=\"163783b\" data-element_type=\"widget\" data-widget_type=\"image.default\">\n\t\t\t\t<div class=\"elementor-widget-container\">\n\t\t\t\t\t\t\t\t\t\t\t\t\t\t\t<img loading=\"lazy\" decoding=\"async\" width=\"600\" height=\"1067\" src=\"https:\/\/bymarkgm.com.br\/wp-content\/uploads\/2024\/11\/Conceitual-Florido.zip-2-600x1067.png\" class=\"attachment-woocommerce_single size-woocommerce_single wp-image-1449\" alt=\"\" srcset=\"https:\/\/bymarkgm.com.br\/wp-content\/uploads\/2024\/11\/Conceitual-Florido.zip-2-600x1067.png 600w, https:\/\/bymarkgm.com.br\/wp-content\/uploads\/2024\/11\/Conceitual-Florido.zip-2-169x300.png 169w, https:\/\/bymarkgm.com.br\/wp-content\/uploads\/2024\/11\/Conceitual-Florido.zip-2-576x1024.png 576w, https:\/\/bymarkgm.com.br\/wp-content\/uploads\/2024\/11\/Conceitual-Florido.zip-2-768x1365.png 768w, https:\/\/bymarkgm.com.br\/wp-content\/uploads\/2024\/11\/Conceitual-Florido.zip-2-864x1536.png 864w, https:\/\/bymarkgm.com.br\/wp-content\/uploads\/2024\/11\/Conceitual-Florido.zip-2.png 1080w\" sizes=\"(max-width: 600px) 100vw, 600px\" \/>\t\t\t\t\t\t\t\t\t\t\t\t\t\t\t<\/div>\n\t\t\t\t<\/div>\n\t\t\t\t<\/div>\n\t\t\t\t\t<\/div>\n\t\t\t\t<\/div>\n\t\t<div class=\"elementor-element elementor-element-77b8e41 e-flex e-con-boxed e-con e-parent\" data-id=\"77b8e41\" data-element_type=\"container\" data-settings=\"{&quot;background_background&quot;:&quot;classic&quot;,&quot;shape_divider_bottom&quot;:&quot;pyramids&quot;}\">\n\t\t\t\t\t<div class=\"e-con-inner\">\n\t\t\t\t<div class=\"elementor-shape elementor-shape-bottom\" aria-hidden=\"true\" data-negative=\"false\">\n\t\t\t<svg xmlns=\"http:\/\/www.w3.org\/2000\/svg\" viewBox=\"0 0 1000 100\" preserveAspectRatio=\"none\">\n\t<path class=\"elementor-shape-fill\" d=\"M761.9,44.1L643.1,27.2L333.8,98L0,3.8V0l1000,0v3.9\"\/>\n<\/svg>\t\t<\/div>\n\t\t<div class=\"elementor-element elementor-element-b7a7912 e-con-full e-flex e-con e-child\" data-id=\"b7a7912\" data-element_type=\"container\">\n\t\t\t\t<div class=\"elementor-element elementor-element-f38544c elementor-widget elementor-widget-text-editor\" data-id=\"f38544c\" data-element_type=\"widget\" data-widget_type=\"text-editor.default\">\n\t\t\t\t<div class=\"elementor-widget-container\">\n\t\t\t\t\t\t\t\t\t<p>Posso dizer que fazer fotografias conceituais para mim e algo \u201cm\u00e1gico\u201d, \u00e9 algo no qual voc\u00ea se inspira e faz acontecer, e como uma representa\u00e7\u00e3o de semblante seu, sua personalidade, caracter\u00edstica ou apenas\u00a0 algo diferente do padr\u00e3o que estamos acostumados a ver, e algo novo para o desconhecido e uma paix\u00e3o para o conhecedor a qual produz.<\/p>\t\t\t\t\t\t\t\t<\/div>\n\t\t\t\t<\/div>\n\t\t\t\t<\/div>\n\t\t\t\t\t<\/div>\n\t\t\t\t<\/div>\n\t\t<div class=\"elementor-element elementor-element-69b7964 e-flex e-con-boxed e-con e-parent\" data-id=\"69b7964\" data-element_type=\"container\" data-settings=\"{&quot;background_background&quot;:&quot;classic&quot;}\">\n\t\t\t\t\t<div class=\"e-con-inner\">\n\t\t\t\t<div class=\"elementor-element elementor-element-4610673 elementor-widget elementor-widget-heading\" data-id=\"4610673\" data-element_type=\"widget\" data-widget_type=\"heading.default\">\n\t\t\t\t<div class=\"elementor-widget-container\">\n\t\t\t\t\t<h2 class=\"elementor-heading-title elementor-size-default\">Confira mais no instagram:<\/h2>\t\t\t\t<\/div>\n\t\t\t\t<\/div>\n\t\t\t\t<div class=\"elementor-element elementor-element-fcdab61 elementor-button-info elementor-align-center elementor-widget elementor-widget-button\" data-id=\"fcdab61\" data-element_type=\"widget\" data-widget_type=\"button.default\">\n\t\t\t\t<div class=\"elementor-widget-container\">\n\t\t\t\t\t\t\t\t\t<div class=\"elementor-button-wrapper\">\n\t\t\t\t\t<a class=\"elementor-button elementor-button-link elementor-size-sm elementor-animation-grow\" href=\"http:\/\/instagram.com\/bymarkgm\">\n\t\t\t\t\t\t<span class=\"elementor-button-content-wrapper\">\n\t\t\t\t\t\t<span class=\"elementor-button-icon\">\n\t\t\t\t<i aria-hidden=\"true\" class=\"fab fa-instagram\"><\/i>\t\t\t<\/span>\n\t\t\t\t\t\t\t\t\t<span class=\"elementor-button-text\">Clique aqui<\/span>\n\t\t\t\t\t<\/span>\n\t\t\t\t\t<\/a>\n\t\t\t\t<\/div>\n\t\t\t\t\t\t\t\t<\/div>\n\t\t\t\t<\/div>\n\t\t\t\t\t<\/div>\n\t\t\t\t<\/div>\n\t\t\t\t<\/div>\n\t\t","protected":false},"excerpt":{"rendered":"<p>Portfolio Conhe\u00e7a um pouco mais sobre minhas fotografias conceituais e das viagens realizadas VIAGENS Registros marcantes de cidades por onde passei Posso dizer que fazer fotografias conceituais para mim e algo \u201cm\u00e1gico\u201d, \u00e9 algo no qual voc\u00ea se inspira e faz acontecer, e como uma representa\u00e7\u00e3o de semblante seu, sua personalidade, caracter\u00edstica ou apenas\u00a0 algo [&hellip;]<\/p>\n","protected":false},"author":1,"featured_media":0,"parent":0,"menu_order":0,"comment_status":"closed","ping_status":"closed","template":"elementor_header_footer","meta":{"_themeisle_gutenberg_block_has_review":false,"footnotes":""},"class_list":["post-1412","page","type-page","status-publish","hentry"],"_links":{"self":[{"href":"https:\/\/bymarkgm.com.br\/index.php\/wp-json\/wp\/v2\/pages\/1412","targetHints":{"allow":["GET"]}}],"collection":[{"href":"https:\/\/bymarkgm.com.br\/index.php\/wp-json\/wp\/v2\/pages"}],"about":[{"href":"https:\/\/bymarkgm.com.br\/index.php\/wp-json\/wp\/v2\/types\/page"}],"author":[{"embeddable":true,"href":"https:\/\/bymarkgm.com.br\/index.php\/wp-json\/wp\/v2\/users\/1"}],"replies":[{"embeddable":true,"href":"https:\/\/bymarkgm.com.br\/index.php\/wp-json\/wp\/v2\/comments?post=1412"}],"version-history":[{"count":66,"href":"https:\/\/bymarkgm.com.br\/index.php\/wp-json\/wp\/v2\/pages\/1412\/revisions"}],"predecessor-version":[{"id":1541,"href":"https:\/\/bymarkgm.com.br\/index.php\/wp-json\/wp\/v2\/pages\/1412\/revisions\/1541"}],"wp:attachment":[{"href":"https:\/\/bymarkgm.com.br\/index.php\/wp-json\/wp\/v2\/media?parent=1412"}],"curies":[{"name":"wp","href":"https:\/\/api.w.org\/{rel}","templated":true}]}}